{"id":493,"date":"2019-06-13T14:46:21","date_gmt":"2019-06-13T14:46:21","guid":{"rendered":"http:\/\/deinstuttgartmakler.de\/?page_id=493"},"modified":"2019-06-13T14:46:21","modified_gmt":"2019-06-13T14:46:21","slug":"agb","status":"publish","type":"page","link":"https:\/\/deinstuttgartmakler.de\/index.php\/agb\/","title":{"rendered":"AGB"},"content":{"rendered":"<div class=\"page\" title=\"Page 21\">\n<div class=\"section\">\n<div class=\"layoutArea\">\n<div class=\"column\">\n<h1><span class=\"\">Allgemeine Gesch\u00e4ftsbedingungen<\/span><\/h1>\n<\/div>\n<\/div>\n<\/div>\n<div class=\"section\"><br class=\"\" \/><\/p>\n<div class=\"layoutArea\">\n<div class=\"column\">\n<p class=\"\"><span class=\"\">\u00a7 1 G\u00fcltigkeit<\/span><\/p>\n<\/div>\n<\/div>\n<div class=\"layoutArea\">\n<div class=\"column\">Unsere Leistungen erfolgen ausschlie\u00dflich auf der Grundlage dieser Allgemeinen Gesch\u00e4ftsbedingungen. Die widerspruchslose Annahme unserer Maklerdienstleistungen und\/oder die Auswertung\/Verwendung der von uns gegebenen Nachweise gen\u00fcgen zum Zustandekommen eines Maklervertrages. Ruckfragen auf unsere Angebote gelten als Anerkennung unserer Gesch\u00e4ftsbedingungen. Als Verwendung unserer Angebote gilt z.B. die Kontaktaufnahme bez\u00fcglich der angebotenen Immobilie mit uns oder mit dem Auftraggeber \/ Eigent\u00fcmer. Vereinbarungen zwischen dem Auftraggeber und uns haben nur G\u00fcltigkeit, wenn Sie schriftlich abgefasst sind. M\u00fcndliche Nebenabreden haben keine G\u00fcltigkeit.<\/div>\n<\/div>\n<div class=\"layoutArea\">\n<div class=\"column\">\n<p class=\"\"><span class=\"\">\u00a7 2 Angebote<\/span><\/p>\n<p class=\"\"><span class=\"\">Alle unsere Angebote sind freibleibend und unverbindlich. Irrtum und\/oder Zwischenverkauf, Vermietung und Verpachtung bleiben ausdr\u00fccklich vorbehalten. Alle Objekte werden im Auftrag und\/oder mit Befugnis des Auftraggebers\/Eigent\u00fcmers angeboten.<br class=\"\" \/><\/span><span class=\"\">\u00a7 3 Haftung<br class=\"\" \/><\/span><span class=\"\">Wir weisen darauf hin, dass uns alle Informationen \u00fcber Interessenten und Objekte von Dritten mitgeteilt und nicht gepr\u00fcft werden. Es ist Sache des Kunden, diese Angaben auf ihre Richtigkeit zu pr\u00fcfen. Eine Haftung f\u00fcr die Richtigkeit und Vollst\u00e4ndigkeit der Angaben wird nicht \u00fcbernommen, da die Informationen von uns nur weitergegeben werden. Im \u00dcbrigen ist die Haftung des Maklers auf vors\u00e4tzliches und grob fahrl\u00e4ssiges Verhalten begrenzt. Die Abtretung von Ersatzanspr\u00fcchen ist ausgeschlossen.<\/span><\/p>\n<p class=\"\"><span class=\"\">\u00a7 4 T\u00e4tigkeit f\u00fcr den jeweils anderen Vertragsteil<\/span><\/p>\n<p class=\"\"><span class=\"\">Die Firma A<\/span><span class=\"\">lexander Goldszer\u00a0<\/span><span class=\"\">Immobilien\u00a0<\/span><span class=\"\">\u00a0ist berechtigt, auch f\u00fcr den jeweils anderen Vertragsteil entgeltlich t\u00e4tig zu werden.<\/span><\/p>\n<p class=\"\"><span class=\"\">\u00a7 5 Vertraulichkeit<\/span><\/p>\n<p class=\"\"><span class=\"\">Weitergabeverbot von Angeboten und Objektinformationen. Alle Angebote sind streng vertraulich und nur f\u00fcr den Interessenten bestimmt. Eine Weitergabe unserer Angebote und Objektinformationen an Dritte ist ohne unsere Zustimmung nicht zul\u00e4ssig und ausdr\u00fccklich untersagt. Erlangt ein Dritter durch Verschulden des Interessenten Kenntnis von den Angeboten und kommt dadurch ein Vertrag zustande, verspricht der Interessent die Zahlung der vollen unter \u00a7 7 vereinbarten Provision. Sollte durch unberechtigte Weitergabe der Objektdaten durch Sie ein Dritter an Ihrer Stelle das von uns angebotene Objekt kaufen oder mieten, so verpflichten Sie sich, die uns entgangene Provision in voller H\u00f6he als Schadensersatz zu leisten. Anspruch auf die Provision haben wir auch dann, wenn auf Grund unserer Vermittlung \/ Nachweises zun\u00e4chst eine Anmietung \/ Pacht des Objektes stattfindet und der Kauf des Objekts erst zu einem sp\u00e4teren Zeitpunkt erfolgt.<br class=\"\" \/><\/span><span class=\"\">\u00a7 6 Datenschutz<br class=\"\" \/><\/span><span class=\"\" style=\"font-family: GoudyOldStyleT;\"><span class=\"\">Der Auftraggeber wird gem\u00e4\u00df \u00a733 Abs. 1 Bundesdatenschutzgesetz davon unterrichtet, dass die Alexander Goldszer\u00a0<\/span><span class=\"\">Immobilien\u00a0<\/span><span class=\"\">\u00a0personenbezogene Daten nach Ma\u00dfgabe der gesetzlichen Regelung verarbeitet. Wir erkl\u00e4ren, alle anwendbaren Datenschutzbestimmungen zu beachten und die technischen Einrichtungen entsprechend zu gestalten. Weiterhin verpflichten wir uns, die Bestimmungen des \u00a75 Bundesdatenschutzgesetzes einzuhalten.<\/span><\/span><br class=\"\" \/><span class=\"\" style=\"font-family: GoudyOldStyleT;\"><span class=\"\">Wir weisen darauf hin, dass Interessenten- und Eigent\u00fcmerdaten in unserer EDV erfasst und gespeichert werden. Selbstverst\u00e4ndlich k\u00f6nnen Sie dem jederzeit widersprechen.<\/span><\/span><br class=\"\" \/><span class=\"\">\u00a7 7 Maklerprovision<br class=\"\" \/><\/span><span class=\"\">Es handelt sich bei allen Objekten zun\u00e4chst grunds\u00e4tzlich um f\u00fcr den K\u00e4ufer provisionspflichtige Angebote, sofern nicht eindeutig auf die Provisionsfreiheit &#8222;keine zus\u00e4tzliche K\u00e4uferprovision!&#8220; hingewiesen wird. Kommt es aufgrund unserer T\u00e4tigkeit zum Abschluss eines Kaufvertrags, haben wir gegen K\u00e4ufer und Verk\u00e4ufer jeweils Anspruch auf Zahlung der im Expos\u00e9 stehenden Provision (4,76% vom Kaufpreis beim Kauf inkl. gesetzl. MwSt.), die beim Abschluss des Vertrags sofort f\u00e4llig wird. Die H\u00f6he der Provision kann abweichen. Grundlage ist der Provisionssatz, der im Expos\u00e9 festgelegt wird.<br class=\"\" \/><\/span><span class=\"\">\u00a7 8 Verj\u00e4hrung<br class=\"\" \/><\/span><span class=\"\">Sollte das von uns nachgewiesene Objekt innerhalb von 6 Monaten durch einen anderen Makler oder privat erworben werden, so ist die Maklergeb\u00fchr in voller H\u00f6he an uns zu bezahlen.<br class=\"\" \/><\/span><span class=\"\">\u00a7 9 Salvatoresche Klausel<br class=\"\" \/><\/span><span class=\"\">Sollten einzelne der vorstehenden Bestimmungen rechtsunwirksam sein, so bleibt die Wirksamkeit der \u00fcbrigen Bestimmungen davon unber\u00fchrt. Anstelle der unwirksamen Bestimmungen soll eine wirksame Bestimmung treten, die dem Zweck der unwirksamen Bestimmung an n\u00e4chsten kommt. Mit Erscheinen dieser Vertragsbedingungen verlieren alle vorherigen ihre G\u00fcltigkeit.<br class=\"\" \/><\/span><span class=\"\">\u00a7 10 Schlussbestimmungen<br class=\"\" \/><\/span><span class=\"\">Erf\u00fcllungsort und Gerichtsstand ist Stuttgart, sofern Auftraggeber Unternehmer ist.<\/span><\/p>\n<\/div>\n<\/div>\n<\/div>\n<\/div>\n<div class=\"page\" title=\"Page 22\">\n<div class=\"section\">\n<div class=\"section\"><br class=\"\" \/><\/p>\n<div class=\"layoutArea\">\n<div class=\"column\"><strong><span class=\"\">Widerrufsbelehrung<\/span><\/strong><\/div>\n<\/div>\n<\/div>\n<div class=\"section\">\n<div class=\"layoutArea\">\n<div class=\"column\">\n<p class=\"\"><span class=\"\">Sie k\u00f6nnen Ihre Vertragserkl\u00e4rung innerhalb von 14 Tagen ohne Angabe von Gr\u00fcnden in Textform (z.B. Brief, Fax, E- Mail) widerrufen.<br class=\"\" \/>Die Frist beginnt nach Erhalt dieser Belehrung in Textform. Wird die Belehrung nicht sp\u00e4testens bei, sondern erst nach Vertragsabschluss mitgeteilt, betr\u00e4gt die Widerrufsfrist einen Monat. Bei schriftlich abzuschlie\u00dfenden Vertr\u00e4gen l\u00e4uft die Widerrufsfrist nicht, bevor Ihnen auch eine Vertragsurkunde, Ihr schriftlicher Antrag oder eine Abschrift der Vertragsurkunde oder des Antrags zur Verf\u00fcgung gestellt worden ist und nicht vor Erf\u00fcllung unserer Informationspflichten gem\u00e4\u00df Art. 246 \u00a7 2 i. V .m. \u00a7 1 Abs. 1 und 2 EGBGB.<\/span><\/p>\n<p class=\"\"><span class=\"\">Im Falle eines Fernabsatzvertrages gem. \u00a7 312b Abs. 1 Satz 1 BGB beginnt die Frist nicht vor Vertragsschluss. Zur Wahrung der Widerrufsfrist gen\u00fcgt die rechtzeitige Absendung des Widerrufs. Der Widerruf ist zu richten an:<\/span><\/p>\n<p class=\"\"><span class=\"\">Dein Stuttgart Makler<br \/>\n<\/span>Augustenstr. 81<br \/>\n70178 stuttgart<\/p>\n<p class=\"\"><span class=\"\">Tel: <a href=\"tel:0170%203171331\">0170 3171331<\/a> <a class=\"\" href=\"mailto:Goldszer@goldszer.de\">Goldszer@goldszer.de<\/a><\/span><\/p>\n<p class=\"\"><span class=\"\"><strong>Widerrufsfolgen<\/strong><\/span><\/p>\n<p class=\"\"><span class=\"\"><br class=\"\" \/>Im Falle eines wirksamen Widerrufs sind die beiderseits empfangenen Leistungen zur\u00fcck zu gew\u00e4hren und ggf. gezogene Nutzungen (z.B. Zinsen) herauszugeben. K\u00f6nnen Sie uns die empfangene Leistungen sowie Nutzungen (z.B. Gebrauchsvorteile) nicht oder teilweise nicht oder nur in verschlechtertem Zustand zur\u00fcckgew\u00e4hren, bzw. herausgeben, m\u00fcssen Sie uns insoweit Wertersatz leisten.<br class=\"\" \/>Dies kann dazu f\u00fchren, dass Sie die vertraglichen Zahlungsverpflichtungen f\u00fcr den Zeitraum bis zum Widerruf gleichwohl erf\u00fcllen m\u00fcssen. Verpflichtungen zur Erstattung von Zahlungen m\u00fcssen innerhalb von 30 Tagen erf\u00fcllt werden. Die Frist beginnt f\u00fcr Sie mit der Absendung Ihrer Widerrufserkl\u00e4rung; f\u00fcr uns mit deren Empfang.<br class=\"\" \/>Besondere Hinweise<br class=\"\" \/>Im Falle eines Fernabsatzvertrages erlischt Ihr Widerrufsrecht vorzeitig, wenn der Vertrag von beiden Seiten auf Ihrem ausdr\u00fccklichen Wunsch vollst\u00e4ndig erf\u00fcllt ist, bevor Sie Ihr Widerrufsrecht ausge\u00fcbt haben.\u00a0<\/span><\/p>\n<\/div>\n<\/div>\n<\/div>\n<\/div>\n<\/div>\n","protected":false},"excerpt":{"rendered":"<p>Allgemeine Gesch\u00e4ftsbedingungen \u00a7 1 G\u00fcltigkeit Unsere Leistungen erfolgen ausschlie\u00dflich auf der Grundlage dieser Allgemeinen Gesch\u00e4ftsbedingungen. Die widerspruchslose Annahme unserer Maklerdienstleistungen und\/oder die Auswertung\/Verwendung der von uns gegebenen Nachweise gen\u00fcgen zum&#8230;<\/p>\n","protected":false},"author":2,"featured_media":0,"parent":0,"menu_order":0,"comment_status":"closed","ping_status":"closed","template":"","meta":{"footnotes":""},"class_list":["post-493","page","type-page","status-publish"],"yoast_head":"<!-- This site is optimized with the Yoast SEO plugin v27.3 - https:\/\/yoast.com\/product\/yoast-seo-wordpress\/ -->\n<title>AGB - Dein Stuttgartmakler<\/title>\n<meta name=\"robots\" content=\"index, follow, max-snippet:-1, max-image-preview:large, max-video-preview:-1\" \/>\n<link rel=\"canonical\" href=\"https:\/\/deinstuttgartmakler.de\/index.php\/agb\/\" \/>\n<meta property=\"og:locale\" content=\"de_DE\" \/>\n<meta property=\"og:type\" content=\"article\" \/>\n<meta property=\"og:title\" content=\"AGB - Dein Stuttgartmakler\" \/>\n<meta property=\"og:description\" content=\"Allgemeine Gesch\u00e4ftsbedingungen \u00a7 1 G\u00fcltigkeit Unsere Leistungen erfolgen ausschlie\u00dflich auf der Grundlage dieser Allgemeinen Gesch\u00e4ftsbedingungen. Die widerspruchslose Annahme unserer Maklerdienstleistungen und\/oder die Auswertung\/Verwendung der von uns gegebenen Nachweise gen\u00fcgen zum...\" \/>\n<meta property=\"og:url\" content=\"https:\/\/deinstuttgartmakler.de\/index.php\/agb\/\" \/>\n<meta property=\"og:site_name\" content=\"Dein Stuttgartmakler\" \/>\n<meta name=\"twitter:card\" content=\"summary_large_image\" \/>\n<meta name=\"twitter:label1\" content=\"Gesch\u00e4tzte Lesezeit\" \/>\n\t<meta name=\"twitter:data1\" content=\"4\u00a0Minuten\" \/>\n<script type=\"application\/ld+json\" class=\"yoast-schema-graph\">{\"@context\":\"https:\\\/\\\/schema.org\",\"@graph\":[{\"@type\":\"WebPage\",\"@id\":\"https:\\\/\\\/deinstuttgartmakler.de\\\/index.php\\\/agb\\\/\",\"url\":\"https:\\\/\\\/deinstuttgartmakler.de\\\/index.php\\\/agb\\\/\",\"name\":\"AGB - Dein Stuttgartmakler\",\"isPartOf\":{\"@id\":\"https:\\\/\\\/deinstuttgartmakler.de\\\/#website\"},\"datePublished\":\"2019-06-13T14:46:21+00:00\",\"breadcrumb\":{\"@id\":\"https:\\\/\\\/deinstuttgartmakler.de\\\/index.php\\\/agb\\\/#breadcrumb\"},\"inLanguage\":\"de\",\"potentialAction\":[{\"@type\":\"ReadAction\",\"target\":[\"https:\\\/\\\/deinstuttgartmakler.de\\\/index.php\\\/agb\\\/\"]}]},{\"@type\":\"BreadcrumbList\",\"@id\":\"https:\\\/\\\/deinstuttgartmakler.de\\\/index.php\\\/agb\\\/#breadcrumb\",\"itemListElement\":[{\"@type\":\"ListItem\",\"position\":1,\"name\":\"Startseite\",\"item\":\"https:\\\/\\\/deinstuttgartmakler.de\\\/\"},{\"@type\":\"ListItem\",\"position\":2,\"name\":\"AGB\"}]},{\"@type\":\"WebSite\",\"@id\":\"https:\\\/\\\/deinstuttgartmakler.de\\\/#website\",\"url\":\"https:\\\/\\\/deinstuttgartmakler.de\\\/\",\"name\":\"Dein Stuttgartmakler\",\"description\":\"\",\"potentialAction\":[{\"@type\":\"SearchAction\",\"target\":{\"@type\":\"EntryPoint\",\"urlTemplate\":\"https:\\\/\\\/deinstuttgartmakler.de\\\/?s={search_term_string}\"},\"query-input\":{\"@type\":\"PropertyValueSpecification\",\"valueRequired\":true,\"valueName\":\"search_term_string\"}}],\"inLanguage\":\"de\"}]}<\/script>\n<!-- \/ Yoast SEO plugin. -->","yoast_head_json":{"title":"AGB - Dein Stuttgartmakler","robots":{"index":"index","follow":"follow","max-snippet":"max-snippet:-1","max-image-preview":"max-image-preview:large","max-video-preview":"max-video-preview:-1"},"canonical":"https:\/\/deinstuttgartmakler.de\/index.php\/agb\/","og_locale":"de_DE","og_type":"article","og_title":"AGB - Dein Stuttgartmakler","og_description":"Allgemeine Gesch\u00e4ftsbedingungen \u00a7 1 G\u00fcltigkeit Unsere Leistungen erfolgen ausschlie\u00dflich auf der Grundlage dieser Allgemeinen Gesch\u00e4ftsbedingungen. Die widerspruchslose Annahme unserer Maklerdienstleistungen und\/oder die Auswertung\/Verwendung der von uns gegebenen Nachweise gen\u00fcgen zum...","og_url":"https:\/\/deinstuttgartmakler.de\/index.php\/agb\/","og_site_name":"Dein Stuttgartmakler","twitter_card":"summary_large_image","twitter_misc":{"Gesch\u00e4tzte Lesezeit":"4\u00a0Minuten"},"schema":{"@context":"https:\/\/schema.org","@graph":[{"@type":"WebPage","@id":"https:\/\/deinstuttgartmakler.de\/index.php\/agb\/","url":"https:\/\/deinstuttgartmakler.de\/index.php\/agb\/","name":"AGB - Dein Stuttgartmakler","isPartOf":{"@id":"https:\/\/deinstuttgartmakler.de\/#website"},"datePublished":"2019-06-13T14:46:21+00:00","breadcrumb":{"@id":"https:\/\/deinstuttgartmakler.de\/index.php\/agb\/#breadcrumb"},"inLanguage":"de","potentialAction":[{"@type":"ReadAction","target":["https:\/\/deinstuttgartmakler.de\/index.php\/agb\/"]}]},{"@type":"BreadcrumbList","@id":"https:\/\/deinstuttgartmakler.de\/index.php\/agb\/#breadcrumb","itemListElement":[{"@type":"ListItem","position":1,"name":"Startseite","item":"https:\/\/deinstuttgartmakler.de\/"},{"@type":"ListItem","position":2,"name":"AGB"}]},{"@type":"WebSite","@id":"https:\/\/deinstuttgartmakler.de\/#website","url":"https:\/\/deinstuttgartmakler.de\/","name":"Dein Stuttgartmakler","description":"","potentialAction":[{"@type":"SearchAction","target":{"@type":"EntryPoint","urlTemplate":"https:\/\/deinstuttgartmakler.de\/?s={search_term_string}"},"query-input":{"@type":"PropertyValueSpecification","valueRequired":true,"valueName":"search_term_string"}}],"inLanguage":"de"}]}},"_links":{"self":[{"href":"https:\/\/deinstuttgartmakler.de\/index.php\/wp-json\/wp\/v2\/pages\/493","targetHints":{"allow":["GET"]}}],"collection":[{"href":"https:\/\/deinstuttgartmakler.de\/index.php\/wp-json\/wp\/v2\/pages"}],"about":[{"href":"https:\/\/deinstuttgartmakler.de\/index.php\/wp-json\/wp\/v2\/types\/page"}],"author":[{"embeddable":true,"href":"https:\/\/deinstuttgartmakler.de\/index.php\/wp-json\/wp\/v2\/users\/2"}],"replies":[{"embeddable":true,"href":"https:\/\/deinstuttgartmakler.de\/index.php\/wp-json\/wp\/v2\/comments?post=493"}],"version-history":[{"count":1,"href":"https:\/\/deinstuttgartmakler.de\/index.php\/wp-json\/wp\/v2\/pages\/493\/revisions"}],"predecessor-version":[{"id":494,"href":"https:\/\/deinstuttgartmakler.de\/index.php\/wp-json\/wp\/v2\/pages\/493\/revisions\/494"}],"wp:attachment":[{"href":"https:\/\/deinstuttgartmakler.de\/index.php\/wp-json\/wp\/v2\/media?parent=493"}],"curies":[{"name":"wp","href":"https:\/\/api.w.org\/{rel}","templated":true}]}}